{"id":1330,"date":"2024-09-12T18:51:53","date_gmt":"2024-09-12T18:51:53","guid":{"rendered":"https:\/\/ntxfoodtrailers.com\/?page_id=1330"},"modified":"2026-02-16T16:06:37","modified_gmt":"2026-02-16T22:06:37","slug":"12-ft-trailers","status":"publish","type":"page","link":"https:\/\/ntxfoodtrailers.com\/es\/12-ft-trailers\/","title":{"rendered":"Tr\u00e1ilers de 12 pies"},"content":{"rendered":"<div data-elementor-type=\"wp-page\" data-elementor-id=\"1330\" class=\"elementor elementor-1330\" data-elementor-post-type=\"page\">\n\t\t\t\t<div class=\"elementor-element elementor-element-d2cf61f e-flex e-con-boxed e-con e-parent\" data-id=\"d2cf61f\" data-element_type=\"container\">\n\t\t\t\t\t<div class=\"e-con-inner\">\n\t\t<div class=\"elementor-element elementor-element-3b28fea e-con-full e-flex e-con e-child\" data-id=\"3b28fea\" data-element_type=\"container\">\n\t\t<div class=\"elementor-element elementor-element-be0b94a e-con-full e-flex e-con e-child\" data-id=\"be0b94a\" data-element_type=\"container\">\n\t\t\t\t<div class=\"elementor-element elementor-element-7d3c6bf elementor-widget elementor-widget-image\" data-id=\"7d3c6bf\" data-element_type=\"widget\" data-widget_type=\"image.default\">\n\t\t\t\t<div class=\"elementor-widget-container\">\n\t\t\t<style>\/*! elementor - v3.22.0 - 26-06-2024 *\/\n.elementor-widget-image{text-align:center}.elementor-widget-image a{display:inline-block}.elementor-widget-image a img[src$=\".svg\"]{width:48px}.elementor-widget-image img{vertical-align:middle;display:inline-block}<\/style>\t\t\t\t\t\t\t\t\t\t<img fetchpriority=\"high\" decoding=\"async\" width=\"500\" height=\"400\" src=\"https:\/\/ntxfoodtrailers.com\/wp-content\/uploads\/2024\/08\/12FT.png\" class=\"attachment-large size-large wp-image-1283\" alt=\"\" srcset=\"https:\/\/ntxfoodtrailers.com\/wp-content\/uploads\/2024\/08\/12FT.png 500w, https:\/\/ntxfoodtrailers.com\/wp-content\/uploads\/2024\/08\/12FT-300x240.png 300w, https:\/\/ntxfoodtrailers.com\/wp-content\/uploads\/2024\/08\/12FT-15x12.png 15w\" sizes=\"(max-width: 500px) 100vw, 500px\" \/>\t\t\t\t\t\t\t\t\t\t\t\t\t<\/div>\n\t\t\t\t<\/div>\n\t\t\t\t<\/div>\n\t\t<div class=\"elementor-element elementor-element-59dcd93 e-con-full e-flex e-con e-child\" data-id=\"59dcd93\" data-element_type=\"container\">\n\t\t\t\t<div class=\"elementor-element elementor-element-c9aad7d elementor-widget elementor-widget-heading\" data-id=\"c9aad7d\" data-element_type=\"widget\" data-widget_type=\"heading.default\">\n\t\t\t\t<div class=\"elementor-widget-container\">\n\t\t\t<style>\/*! elementor - v3.22.0 - 26-06-2024 *\/\n.elementor-heading-title{padding:0;margin:0;line-height:1}.elementor-widget-heading .elementor-heading-title[class*=elementor-size-]>a{color:inherit;font-size:inherit;line-height:inherit}.elementor-widget-heading .elementor-heading-title.elementor-size-small{font-size:15px}.elementor-widget-heading .elementor-heading-title.elementor-size-medium{font-size:19px}.elementor-widget-heading .elementor-heading-title.elementor-size-large{font-size:29px}.elementor-widget-heading .elementor-heading-title.elementor-size-xl{font-size:39px}.elementor-widget-heading .elementor-heading-title.elementor-size-xxl{font-size:59px}<\/style><h2 class=\"elementor-heading-title elementor-size-default\">Food tr\u00e1ilers de 12 pies<\/h2>\t\t<\/div>\n\t\t\t\t<\/div>\n\t\t\t\t<div class=\"elementor-element elementor-element-145b950 elementor-widget elementor-widget-jkit_heading\" data-id=\"145b950\" data-element_type=\"widget\" data-widget_type=\"jkit_heading.default\">\n\t\t\t\t<div class=\"elementor-widget-container\">\n\t\t\t<div  class=\"jeg-elementor-kit jkit-heading  align-center align-tablet-center align-mobile- jeg_module___69e17249d10f6\" ><div class=\"heading-section-title  display-inline-block\"><h2 class=\"heading-title\">Compactos <span class=\"style-color\"><span>y<\/span><\/span> moviles<\/h2><\/div><\/div>\t\t<\/div>\n\t\t\t\t<\/div>\n\t\t\t\t<div class=\"elementor-element elementor-element-38a1f1c elementor-widget elementor-widget-text-editor\" data-id=\"38a1f1c\" data-element_type=\"widget\" data-widget_type=\"text-editor.default\">\n\t\t\t\t<div class=\"elementor-widget-container\">\n\t\t\t<style>\/*! elementor - v3.22.0 - 26-06-2024 *\/\n.elementor-widget-text-editor.elementor-drop-cap-view-stacked .elementor-drop-cap{background-color:#69727d;color:#fff}.elementor-widget-text-editor.elementor-drop-cap-view-framed .elementor-drop-cap{color:#69727d;border:3px solid;background-color:transparent}.elementor-widget-text-editor:not(.elementor-drop-cap-view-default) .elementor-drop-cap{margin-top:8px}.elementor-widget-text-editor:not(.elementor-drop-cap-view-default) .elementor-drop-cap-letter{width:1em;height:1em}.elementor-widget-text-editor .elementor-drop-cap{float:left;text-align:center;line-height:1;font-size:50px}.elementor-widget-text-editor .elementor-drop-cap-letter{display:inline-block}<\/style>\t\t\t\t<p>NUESTROS <strong>food trailer de 12 pies<\/strong> es compacto pero est\u00e1 totalmente equipado, lo que la convierte en la opci\u00f3n ideal si est\u00e1 empezando su negocio o busca una instalaci\u00f3n compacta. Est\u00e1 dise\u00f1ado para ayudarte a servir comida de forma eficiente, con todo lo que necesitas para preparar y cocinar sobre la marcha.<\/p>\t\t\t\t\t\t<\/div>\n\t\t\t\t<\/div>\n\t\t\t\t<\/div>\n\t\t\t\t<\/div>\n\t\t\t\t\t<\/div>\n\t\t\t\t<\/div>\n\t\t<div class=\"elementor-element elementor-element-c2f3495 e-flex e-con-boxed e-con e-parent\" data-id=\"c2f3495\" data-element_type=\"container\">\n\t\t\t\t\t<div class=\"e-con-inner\">\n\t\t<div class=\"elementor-element elementor-element-1342030 e-con-full e-flex e-con e-child\" data-id=\"1342030\" data-element_type=\"container\">\n\t\t\t\t<div class=\"elementor-element elementor-element-368c0fc elementor-widget elementor-widget-heading\" data-id=\"368c0fc\" data-element_type=\"widget\" data-widget_type=\"heading.default\">\n\t\t\t\t<div class=\"elementor-widget-container\">\n\t\t\t<h2 class=\"elementor-heading-title elementor-size-default\">Modelo 12-A<\/h2>\t\t<\/div>\n\t\t\t\t<\/div>\n\t\t\t\t<div class=\"elementor-element elementor-element-6d03d69 elementor-widget elementor-widget-image\" data-id=\"6d03d69\" data-element_type=\"widget\" data-widget_type=\"image.default\">\n\t\t\t\t<div class=\"elementor-widget-container\">\n\t\t\t\t\t\t\t\t\t\t\t\t\t<img decoding=\"async\" width=\"800\" height=\"380\" src=\"https:\/\/ntxfoodtrailers.com\/wp-content\/uploads\/2024\/09\/Model-12-A-1024x487.webp\" class=\"attachment-large size-large wp-image-1414\" alt=\"\" srcset=\"https:\/\/ntxfoodtrailers.com\/wp-content\/uploads\/2024\/09\/Model-12-A-1024x487.webp 1024w, https:\/\/ntxfoodtrailers.com\/wp-content\/uploads\/2024\/09\/Model-12-A-600x285.webp 600w, https:\/\/ntxfoodtrailers.com\/wp-content\/uploads\/2024\/09\/Model-12-A-300x143.webp 300w, https:\/\/ntxfoodtrailers.com\/wp-content\/uploads\/2024\/09\/Model-12-A-768x365.webp 768w, https:\/\/ntxfoodtrailers.com\/wp-content\/uploads\/2024\/09\/Model-12-A-1536x731.webp 1536w, https:\/\/ntxfoodtrailers.com\/wp-content\/uploads\/2024\/09\/Model-12-A-18x9.webp 18w, https:\/\/ntxfoodtrailers.com\/wp-content\/uploads\/2024\/09\/Model-12-A.webp 1680w\" sizes=\"(max-width: 800px) 100vw, 800px\" \/>\t\t\t\t\t\t\t\t\t\t\t\t\t<\/div>\n\t\t\t\t<\/div>\n\t\t\t\t<div class=\"elementor-element elementor-element-e1a04b7 elementor-widget elementor-widget-heading\" data-id=\"e1a04b7\" data-element_type=\"widget\" data-widget_type=\"heading.default\">\n\t\t\t\t<div class=\"elementor-widget-container\">\n\t\t\t<h2 class=\"elementor-heading-title elementor-size-default\">El modelo base incluye<\/h2>\t\t<\/div>\n\t\t\t\t<\/div>\n\t\t\t\t<div class=\"elementor-element elementor-element-d569c6b elementor-widget elementor-widget-text-editor\" data-id=\"d569c6b\" data-element_type=\"widget\" data-widget_type=\"text-editor.default\">\n\t\t\t\t<div class=\"elementor-widget-container\">\n\t\t\t\t\t\t\t<ul><li>Exhaust hood 6ft with extractor<\/li><li><div dir=\"auto\">Sistema de aire acondicionado de 1 tonelada<\/div><\/li><li><div dir=\"auto\">Una ventana para ventilaci\u00f3n y luz natural<\/div><\/li><li><div dir=\"auto\">Fregadero de tres compartimentos m\u00e1s uno independiente para la preparaci\u00f3n de alimentos<\/div><\/li><li>Iluminaci\u00f3n LED (interior y exterior)<\/li><li><div dir=\"auto\">Propane tank kit<\/div><\/li><li><div dir=\"auto\">Dep\u00f3sitos de agua limpia y residual<\/div><\/li><li><div dir=\"auto\">Suelos antideslizantes para mayor seguridad<\/div><\/li><li><div dir=\"auto\">Eje doble con sistema de frenado de emergencia<\/div><\/li><li>Sistema de extinci\u00f3n de incendios<\/li><li>3 Wall shelves 2ft, 3ft &amp; 4ft<\/li><li>Stainless steel work table 36&#8243;<\/li><li><div dir=\"auto\">Fryer 40lb<\/div><\/li><li><div dir=\"auto\">Griddle 3ft<\/div><\/li><li><div dir=\"auto\">Stove 2 burners<\/div><\/li><li><div dir=\"auto\">1 Door Stainless Steel Fridge 28&#8243;<\/div><\/li><li><div dir=\"auto\">Sandwich Prep Table Single Door 29&#8243; 8 pan<\/div><\/li><\/ul>\t\t\t\t\t\t<\/div>\n\t\t\t\t<\/div>\n\t\t\t\t<div class=\"elementor-element elementor-element-3beae81 elementor-mobile-align-center elementor-widget-mobile__width-initial e-transform elementor-tablet-align-center elementor-widget__width-auto elementor-align-center elementor-widget elementor-widget-button\" data-id=\"3beae81\" data-element_type=\"widget\" data-settings=\"{&quot;_transform_translateX_effect_hover_mobile&quot;:{&quot;unit&quot;:&quot;px&quot;,&quot;size&quot;:4,&quot;sizes&quot;:[]},&quot;_transform_translateY_effect_hover_mobile&quot;:{&quot;unit&quot;:&quot;px&quot;,&quot;size&quot;:-4,&quot;sizes&quot;:[]},&quot;_transform_translateX_effect_hover&quot;:{&quot;unit&quot;:&quot;px&quot;,&quot;size&quot;:5,&quot;sizes&quot;:[]},&quot;_transform_translateY_effect_hover&quot;:{&quot;unit&quot;:&quot;px&quot;,&quot;size&quot;:-5,&quot;sizes&quot;:[]},&quot;_transform_translateX_effect_hover_tablet&quot;:{&quot;unit&quot;:&quot;px&quot;,&quot;size&quot;:&quot;&quot;,&quot;sizes&quot;:[]},&quot;_transform_translateY_effect_hover_tablet&quot;:{&quot;unit&quot;:&quot;px&quot;,&quot;size&quot;:&quot;&quot;,&quot;sizes&quot;:[]}}\" data-widget_type=\"button.default\">\n\t\t\t\t<div class=\"elementor-widget-container\">\n\t\t\t\t\t<div class=\"elementor-button-wrapper\">\n\t\t\t<a class=\"elementor-button elementor-button-link elementor-size-sm\" href=\"https:\/\/ntxfoodtrailers.com\/es\/model-12-a\/\">\n\t\t\t\t\t\t<span class=\"elementor-button-content-wrapper\">\n\t\t\t\t\t\t\t\t\t<span class=\"elementor-button-text\">Ver m\u00e1s<\/span>\n\t\t\t\t\t<\/span>\n\t\t\t\t\t<\/a>\n\t\t<\/div>\n\t\t\t\t<\/div>\n\t\t\t\t<\/div>\n\t\t\t\t<\/div>\n\t\t<div class=\"elementor-element elementor-element-95501ef e-con-full e-flex e-con e-child\" data-id=\"95501ef\" data-element_type=\"container\">\n\t\t\t\t<div class=\"elementor-element elementor-element-fb3a7ea elementor-widget elementor-widget-heading\" data-id=\"fb3a7ea\" data-element_type=\"widget\" data-widget_type=\"heading.default\">\n\t\t\t\t<div class=\"elementor-widget-container\">\n\t\t\t<h2 class=\"elementor-heading-title elementor-size-default\">Modelo 12-B<\/h2>\t\t<\/div>\n\t\t\t\t<\/div>\n\t\t\t\t<div class=\"elementor-element elementor-element-d0d8557 elementor-widget elementor-widget-image\" data-id=\"d0d8557\" data-element_type=\"widget\" data-widget_type=\"image.default\">\n\t\t\t\t<div class=\"elementor-widget-container\">\n\t\t\t\t\t\t\t\t\t\t\t\t\t<img decoding=\"async\" width=\"800\" height=\"376\" src=\"https:\/\/ntxfoodtrailers.com\/wp-content\/uploads\/2024\/09\/Model-12-B-1024x481.webp\" class=\"attachment-large size-large wp-image-1416\" alt=\"\" srcset=\"https:\/\/ntxfoodtrailers.com\/wp-content\/uploads\/2024\/09\/Model-12-B-1024x481.webp 1024w, https:\/\/ntxfoodtrailers.com\/wp-content\/uploads\/2024\/09\/Model-12-B-600x282.webp 600w, https:\/\/ntxfoodtrailers.com\/wp-content\/uploads\/2024\/09\/Model-12-B-300x141.webp 300w, https:\/\/ntxfoodtrailers.com\/wp-content\/uploads\/2024\/09\/Model-12-B-768x361.webp 768w, https:\/\/ntxfoodtrailers.com\/wp-content\/uploads\/2024\/09\/Model-12-B-1536x721.webp 1536w, https:\/\/ntxfoodtrailers.com\/wp-content\/uploads\/2024\/09\/Model-12-B-18x8.webp 18w, https:\/\/ntxfoodtrailers.com\/wp-content\/uploads\/2024\/09\/Model-12-B.webp 1680w\" sizes=\"(max-width: 800px) 100vw, 800px\" \/>\t\t\t\t\t\t\t\t\t\t\t\t\t<\/div>\n\t\t\t\t<\/div>\n\t\t\t\t<div class=\"elementor-element elementor-element-94676d7 elementor-widget elementor-widget-heading\" data-id=\"94676d7\" data-element_type=\"widget\" data-widget_type=\"heading.default\">\n\t\t\t\t<div class=\"elementor-widget-container\">\n\t\t\t<h2 class=\"elementor-heading-title elementor-size-default\">El modelo base incluye<\/h2>\t\t<\/div>\n\t\t\t\t<\/div>\n\t\t\t\t<div class=\"elementor-element elementor-element-134a38a elementor-widget elementor-widget-text-editor\" data-id=\"134a38a\" data-element_type=\"widget\" data-widget_type=\"text-editor.default\">\n\t\t\t\t<div class=\"elementor-widget-container\">\n\t\t\t\t\t\t\t<ul><li>Exhaust hood 6ft with extractor<\/li><li><div dir=\"auto\">Sistema de aire acondicionado de 1 tonelada<\/div><\/li><li><div dir=\"auto\">Una ventana para ventilaci\u00f3n y luz natural<\/div><\/li><li><div dir=\"auto\">Fregadero de tres compartimentos m\u00e1s uno independiente para la preparaci\u00f3n de alimentos<\/div><\/li><li>Iluminaci\u00f3n LED (interior y exterior)<\/li><li><div dir=\"auto\">Propane tank kit<\/div><\/li><li><div dir=\"auto\">Dep\u00f3sitos de agua limpia y residual<\/div><\/li><li><div dir=\"auto\">Suelos antideslizantes para mayor seguridad<\/div><\/li><li><div dir=\"auto\">Eje doble con sistema de frenado de emergencia<\/div><\/li><li>Sistema de extinci\u00f3n de incendios<\/li><li>3 Wall shelves 2ft, 3ft &amp; 4ft<\/li><li>Stainless steel work table 36&#8243;<\/li><li><div dir=\"auto\">Fryer 40lb<\/div><\/li><li><div dir=\"auto\">Grill 3ft<\/div><\/li><li><div dir=\"auto\">Stove 2 burners<\/div><\/li><li><div dir=\"auto\">1 Door Stainless Steel Fridge 28&#8243;<\/div><\/li><li><div dir=\"auto\"><p>Sandwich Prep Table Single Door 29&#8243; 8 pan<\/p><div dir=\"auto\">\u00a0<\/div><\/div><\/li><\/ul>\t\t\t\t\t\t<\/div>\n\t\t\t\t<\/div>\n\t\t\t\t<div class=\"elementor-element elementor-element-a60db04 elementor-mobile-align-center elementor-widget-mobile__width-initial e-transform elementor-tablet-align-center elementor-widget__width-auto elementor-align-center elementor-widget elementor-widget-button\" data-id=\"a60db04\" data-element_type=\"widget\" data-settings=\"{&quot;_transform_translateX_effect_hover_mobile&quot;:{&quot;unit&quot;:&quot;px&quot;,&quot;size&quot;:4,&quot;sizes&quot;:[]},&quot;_transform_translateY_effect_hover_mobile&quot;:{&quot;unit&quot;:&quot;px&quot;,&quot;size&quot;:-4,&quot;sizes&quot;:[]},&quot;_transform_translateX_effect_hover&quot;:{&quot;unit&quot;:&quot;px&quot;,&quot;size&quot;:5,&quot;sizes&quot;:[]},&quot;_transform_translateY_effect_hover&quot;:{&quot;unit&quot;:&quot;px&quot;,&quot;size&quot;:-5,&quot;sizes&quot;:[]},&quot;_transform_translateX_effect_hover_tablet&quot;:{&quot;unit&quot;:&quot;px&quot;,&quot;size&quot;:&quot;&quot;,&quot;sizes&quot;:[]},&quot;_transform_translateY_effect_hover_tablet&quot;:{&quot;unit&quot;:&quot;px&quot;,&quot;size&quot;:&quot;&quot;,&quot;sizes&quot;:[]}}\" data-widget_type=\"button.default\">\n\t\t\t\t<div class=\"elementor-widget-container\">\n\t\t\t\t\t<div class=\"elementor-button-wrapper\">\n\t\t\t<a class=\"elementor-button elementor-button-link elementor-size-sm\" href=\"https:\/\/ntxfoodtrailers.com\/es\/model-12-b\/\">\n\t\t\t\t\t\t<span class=\"elementor-button-content-wrapper\">\n\t\t\t\t\t\t\t\t\t<span class=\"elementor-button-text\">Ver m\u00e1s<\/span>\n\t\t\t\t\t<\/span>\n\t\t\t\t\t<\/a>\n\t\t<\/div>\n\t\t\t\t<\/div>\n\t\t\t\t<\/div>\n\t\t\t\t<\/div>\n\t\t<div class=\"elementor-element elementor-element-115db94 e-con-full e-flex e-con e-child\" data-id=\"115db94\" data-element_type=\"container\">\n\t\t\t\t<div class=\"elementor-element elementor-element-2624c12 elementor-widget elementor-widget-heading\" data-id=\"2624c12\" data-element_type=\"widget\" data-widget_type=\"heading.default\">\n\t\t\t\t<div class=\"elementor-widget-container\">\n\t\t\t<h2 class=\"elementor-heading-title elementor-size-default\">Modelo 12-C<\/h2>\t\t<\/div>\n\t\t\t\t<\/div>\n\t\t\t\t<div class=\"elementor-element elementor-element-638b34a elementor-widget elementor-widget-image\" data-id=\"638b34a\" data-element_type=\"widget\" data-widget_type=\"image.default\">\n\t\t\t\t<div class=\"elementor-widget-container\">\n\t\t\t\t\t\t\t\t\t\t\t\t\t<img loading=\"lazy\" decoding=\"async\" width=\"800\" height=\"380\" src=\"https:\/\/ntxfoodtrailers.com\/wp-content\/uploads\/2024\/09\/Model-12-C-1024x487.webp\" class=\"attachment-large size-large wp-image-1417\" alt=\"\" srcset=\"https:\/\/ntxfoodtrailers.com\/wp-content\/uploads\/2024\/09\/Model-12-C-1024x487.webp 1024w, https:\/\/ntxfoodtrailers.com\/wp-content\/uploads\/2024\/09\/Model-12-C-600x286.webp 600w, https:\/\/ntxfoodtrailers.com\/wp-content\/uploads\/2024\/09\/Model-12-C-300x143.webp 300w, https:\/\/ntxfoodtrailers.com\/wp-content\/uploads\/2024\/09\/Model-12-C-768x365.webp 768w, https:\/\/ntxfoodtrailers.com\/wp-content\/uploads\/2024\/09\/Model-12-C-1536x731.webp 1536w, https:\/\/ntxfoodtrailers.com\/wp-content\/uploads\/2024\/09\/Model-12-C-18x9.webp 18w, https:\/\/ntxfoodtrailers.com\/wp-content\/uploads\/2024\/09\/Model-12-C.webp 1679w\" sizes=\"(max-width: 800px) 100vw, 800px\" \/>\t\t\t\t\t\t\t\t\t\t\t\t\t<\/div>\n\t\t\t\t<\/div>\n\t\t\t\t<div class=\"elementor-element elementor-element-54dea42 elementor-widget elementor-widget-heading\" data-id=\"54dea42\" data-element_type=\"widget\" data-widget_type=\"heading.default\">\n\t\t\t\t<div class=\"elementor-widget-container\">\n\t\t\t<h2 class=\"elementor-heading-title elementor-size-default\">El modelo base incluye<\/h2>\t\t<\/div>\n\t\t\t\t<\/div>\n\t\t\t\t<div class=\"elementor-element elementor-element-79fd369 elementor-widget elementor-widget-text-editor\" data-id=\"79fd369\" data-element_type=\"widget\" data-widget_type=\"text-editor.default\">\n\t\t\t\t<div class=\"elementor-widget-container\">\n\t\t\t\t\t\t\t<ul><li>Exhaust hood 6ft with extractor<\/li><li><div dir=\"auto\">Sistema de aire acondicionado de 1 tonelada<\/div><\/li><li><div dir=\"auto\">Una ventana para ventilaci\u00f3n y luz natural<\/div><\/li><li><div dir=\"auto\">Fregadero de tres compartimentos m\u00e1s uno independiente para la preparaci\u00f3n de alimentos<\/div><\/li><li>Iluminaci\u00f3n LED (interior y exterior)<\/li><li><div dir=\"auto\">Propane tank kit<\/div><\/li><li><div dir=\"auto\">Dep\u00f3sitos de agua limpia y residual<\/div><\/li><li><div dir=\"auto\">Suelos antideslizantes para mayor seguridad<\/div><\/li><li><div dir=\"auto\">Eje doble con sistema de frenado de emergencia<\/div><\/li><li>Sistema de extinci\u00f3n de incendios<\/li><li>3 Wall shelves 2ft, 3ft &amp; 4ft<\/li><li>Stainless steel work table 36&#8243;<\/li><li>2 Fryers 40lb<\/li><li style=\"text-align: left;\">Oven and 4 burners<\/li><li><div dir=\"auto\">1 Door Stainless Steel Fridge 28&#8243;<\/div><\/li><li><div dir=\"auto\">Sandwich Prep Table Single Door 29&#8243; 8 pan<\/div><\/li><\/ul>\t\t\t\t\t\t<\/div>\n\t\t\t\t<\/div>\n\t\t\t\t<div class=\"elementor-element elementor-element-3a89602 elementor-mobile-align-center elementor-widget-mobile__width-initial e-transform elementor-tablet-align-center elementor-widget__width-auto elementor-align-center elementor-widget elementor-widget-button\" data-id=\"3a89602\" data-element_type=\"widget\" data-settings=\"{&quot;_transform_translateX_effect_hover_mobile&quot;:{&quot;unit&quot;:&quot;px&quot;,&quot;size&quot;:4,&quot;sizes&quot;:[]},&quot;_transform_translateY_effect_hover_mobile&quot;:{&quot;unit&quot;:&quot;px&quot;,&quot;size&quot;:-4,&quot;sizes&quot;:[]},&quot;_transform_translateX_effect_hover&quot;:{&quot;unit&quot;:&quot;px&quot;,&quot;size&quot;:5,&quot;sizes&quot;:[]},&quot;_transform_translateY_effect_hover&quot;:{&quot;unit&quot;:&quot;px&quot;,&quot;size&quot;:-5,&quot;sizes&quot;:[]},&quot;_transform_translateX_effect_hover_tablet&quot;:{&quot;unit&quot;:&quot;px&quot;,&quot;size&quot;:&quot;&quot;,&quot;sizes&quot;:[]},&quot;_transform_translateY_effect_hover_tablet&quot;:{&quot;unit&quot;:&quot;px&quot;,&quot;size&quot;:&quot;&quot;,&quot;sizes&quot;:[]}}\" data-widget_type=\"button.default\">\n\t\t\t\t<div class=\"elementor-widget-container\">\n\t\t\t\t\t<div class=\"elementor-button-wrapper\">\n\t\t\t<a class=\"elementor-button elementor-button-link elementor-size-sm\" href=\"https:\/\/ntxfoodtrailers.com\/es\/model-12-c\/\">\n\t\t\t\t\t\t<span class=\"elementor-button-content-wrapper\">\n\t\t\t\t\t\t\t\t\t<span class=\"elementor-button-text\">Ver m\u00e1s<\/span>\n\t\t\t\t\t<\/span>\n\t\t\t\t\t<\/a>\n\t\t<\/div>\n\t\t\t\t<\/div>\n\t\t\t\t<\/div>\n\t\t\t\t<\/div>\n\t\t\t\t\t<\/div>\n\t\t\t\t<\/div>\n\t\t\t\t<\/div>","protected":false},"excerpt":{"rendered":"<p>12 ft food trailers Compact and Mobile Our 12 ft. food trailer is compact yet fully equipped, making it the ideal choice if you&#8217;re starting your bussines or looking for a compact setup. It\u2019s designed to help you serve food efficiently, with everything you need to prep and cook on the go. Model 12-A Base [&hellip;]<\/p>","protected":false},"author":1,"featured_media":0,"parent":0,"menu_order":0,"comment_status":"closed","ping_status":"closed","template":"","meta":{"footnotes":""},"class_list":["post-1330","page","type-page","status-publish","hentry"],"_links":{"self":[{"href":"https:\/\/ntxfoodtrailers.com\/es\/wp-json\/wp\/v2\/pages\/1330"}],"collection":[{"href":"https:\/\/ntxfoodtrailers.com\/es\/wp-json\/wp\/v2\/pages"}],"about":[{"href":"https:\/\/ntxfoodtrailers.com\/es\/wp-json\/wp\/v2\/types\/page"}],"author":[{"embeddable":true,"href":"https:\/\/ntxfoodtrailers.com\/es\/wp-json\/wp\/v2\/users\/1"}],"replies":[{"embeddable":true,"href":"https:\/\/ntxfoodtrailers.com\/es\/wp-json\/wp\/v2\/comments?post=1330"}],"version-history":[{"count":64,"href":"https:\/\/ntxfoodtrailers.com\/es\/wp-json\/wp\/v2\/pages\/1330\/revisions"}],"predecessor-version":[{"id":3931,"href":"https:\/\/ntxfoodtrailers.com\/es\/wp-json\/wp\/v2\/pages\/1330\/revisions\/3931"}],"wp:attachment":[{"href":"https:\/\/ntxfoodtrailers.com\/es\/wp-json\/wp\/v2\/media?parent=1330"}],"curies":[{"name":"wp","href":"https:\/\/api.w.org\/{rel}","templated":true}]}}