{"id":1373,"date":"2024-09-13T21:30:01","date_gmt":"2024-09-13T21:30:01","guid":{"rendered":"https:\/\/ntxfoodtrailers.com\/?page_id=1373"},"modified":"2026-02-18T17:02:37","modified_gmt":"2026-02-18T23:02:37","slug":"20-ft-trailers","status":"publish","type":"page","link":"https:\/\/ntxfoodtrailers.com\/es\/20-ft-trailers\/","title":{"rendered":"Tr\u00e1ilers de 20 pies"},"content":{"rendered":"<div data-elementor-type=\"wp-page\" data-elementor-id=\"1373\" class=\"elementor elementor-1373\" data-elementor-post-type=\"page\">\n\t\t\t\t<div class=\"elementor-element elementor-element-44e75db e-flex e-con-boxed e-con e-parent\" data-id=\"44e75db\" data-element_type=\"container\">\n\t\t\t\t\t<div class=\"e-con-inner\">\n\t\t<div class=\"elementor-element elementor-element-0c523d2 e-con-full e-flex e-con e-child\" data-id=\"0c523d2\" data-element_type=\"container\">\n\t\t<div class=\"elementor-element elementor-element-8e73cf8 e-con-full e-flex e-con e-child\" data-id=\"8e73cf8\" data-element_type=\"container\">\n\t\t\t\t<div class=\"elementor-element elementor-element-e9be20d elementor-widget elementor-widget-image\" data-id=\"e9be20d\" data-element_type=\"widget\" data-widget_type=\"image.default\">\n\t\t\t\t<div class=\"elementor-widget-container\">\n\t\t\t<style>\/*! elementor - v3.22.0 - 26-06-2024 *\/\n.elementor-widget-image{text-align:center}.elementor-widget-image a{display:inline-block}.elementor-widget-image a img[src$=\".svg\"]{width:48px}.elementor-widget-image img{vertical-align:middle;display:inline-block}<\/style>\t\t\t\t\t\t\t\t\t\t<img fetchpriority=\"high\" decoding=\"async\" width=\"500\" height=\"400\" src=\"https:\/\/ntxfoodtrailers.com\/wp-content\/uploads\/2024\/08\/20FT.png\" class=\"attachment-large size-large wp-image-1285\" alt=\"\" srcset=\"https:\/\/ntxfoodtrailers.com\/wp-content\/uploads\/2024\/08\/20FT.png 500w, https:\/\/ntxfoodtrailers.com\/wp-content\/uploads\/2024\/08\/20FT-300x240.png 300w, https:\/\/ntxfoodtrailers.com\/wp-content\/uploads\/2024\/08\/20FT-15x12.png 15w\" sizes=\"(max-width: 500px) 100vw, 500px\" \/>\t\t\t\t\t\t\t\t\t\t\t\t\t<\/div>\n\t\t\t\t<\/div>\n\t\t\t\t<\/div>\n\t\t<div class=\"elementor-element elementor-element-ec3a211 e-con-full e-flex e-con e-child\" data-id=\"ec3a211\" data-element_type=\"container\">\n\t\t\t\t<div class=\"elementor-element elementor-element-da01e7b elementor-widget elementor-widget-heading\" data-id=\"da01e7b\" data-element_type=\"widget\" data-widget_type=\"heading.default\">\n\t\t\t\t<div class=\"elementor-widget-container\">\n\t\t\t<style>\/*! elementor - v3.22.0 - 26-06-2024 *\/\n.elementor-heading-title{padding:0;margin:0;line-height:1}.elementor-widget-heading .elementor-heading-title[class*=elementor-size-]>a{color:inherit;font-size:inherit;line-height:inherit}.elementor-widget-heading .elementor-heading-title.elementor-size-small{font-size:15px}.elementor-widget-heading .elementor-heading-title.elementor-size-medium{font-size:19px}.elementor-widget-heading .elementor-heading-title.elementor-size-large{font-size:29px}.elementor-widget-heading .elementor-heading-title.elementor-size-xl{font-size:39px}.elementor-widget-heading .elementor-heading-title.elementor-size-xxl{font-size:59px}<\/style><h2 class=\"elementor-heading-title elementor-size-default\">Food tr\u00e1ilers de 20 pies<\/h2>\t\t<\/div>\n\t\t\t\t<\/div>\n\t\t\t\t<div class=\"elementor-element elementor-element-76db588 elementor-widget elementor-widget-jkit_heading\" data-id=\"76db588\" data-element_type=\"widget\" data-widget_type=\"jkit_heading.default\">\n\t\t\t\t<div class=\"elementor-widget-container\">\n\t\t\t<div  class=\"jeg-elementor-kit jkit-heading  align-center align-tablet-center align-mobile- jeg_module___69e1778e04485\" ><div class=\"heading-section-title  display-inline-block\"><h2 class=\"heading-title\">Espaciosos <span class=\"style-color\"><span>y<\/span><\/span> pr\u00e1cticos<\/h2><\/div><\/div>\t\t<\/div>\n\t\t\t\t<\/div>\n\t\t\t\t<div class=\"elementor-element elementor-element-809b305 elementor-widget elementor-widget-text-editor\" data-id=\"809b305\" data-element_type=\"widget\" data-widget_type=\"text-editor.default\">\n\t\t\t\t<div class=\"elementor-widget-container\">\n\t\t\t<style>\/*! elementor - v3.22.0 - 26-06-2024 *\/\n.elementor-widget-text-editor.elementor-drop-cap-view-stacked .elementor-drop-cap{background-color:#69727d;color:#fff}.elementor-widget-text-editor.elementor-drop-cap-view-framed .elementor-drop-cap{color:#69727d;border:3px solid;background-color:transparent}.elementor-widget-text-editor:not(.elementor-drop-cap-view-default) .elementor-drop-cap{margin-top:8px}.elementor-widget-text-editor:not(.elementor-drop-cap-view-default) .elementor-drop-cap-letter{width:1em;height:1em}.elementor-widget-text-editor .elementor-drop-cap{float:left;text-align:center;line-height:1;font-size:50px}.elementor-widget-text-editor .elementor-drop-cap-letter{display:inline-block}<\/style>\t\t\t\t<p>NUESTROS <strong>20 ft. food trailer<\/strong> es perfecto para operaciones de gran volumen de producci\u00f3n. Puede instalar f\u00e1cilmente varias estaciones de cocina, por lo que es ideal para grandes multitudes y men\u00fas m\u00e1s complejos.<\/p>\t\t\t\t\t\t<\/div>\n\t\t\t\t<\/div>\n\t\t\t\t<\/div>\n\t\t\t\t<\/div>\n\t\t\t\t\t<\/div>\n\t\t\t\t<\/div>\n\t\t<div class=\"elementor-element elementor-element-01b4217 e-flex e-con-boxed e-con e-parent\" data-id=\"01b4217\" data-element_type=\"container\">\n\t\t\t\t\t<div class=\"e-con-inner\">\n\t\t<div class=\"elementor-element elementor-element-2094a03 e-con-full e-flex e-con e-child\" data-id=\"2094a03\" data-element_type=\"container\">\n\t\t\t\t<div class=\"elementor-element elementor-element-b95f233 elementor-widget elementor-widget-heading\" data-id=\"b95f233\" data-element_type=\"widget\" data-widget_type=\"heading.default\">\n\t\t\t\t<div class=\"elementor-widget-container\">\n\t\t\t<h2 class=\"elementor-heading-title elementor-size-default\">Modelo 20-A<\/h2>\t\t<\/div>\n\t\t\t\t<\/div>\n\t\t\t\t<div class=\"elementor-element elementor-element-18bde90 elementor-widget elementor-widget-image\" data-id=\"18bde90\" data-element_type=\"widget\" data-widget_type=\"image.default\">\n\t\t\t\t<div class=\"elementor-widget-container\">\n\t\t\t\t\t\t\t\t\t\t\t\t\t<img decoding=\"async\" width=\"800\" height=\"366\" src=\"https:\/\/ntxfoodtrailers.com\/wp-content\/uploads\/2024\/09\/20-A-1024x469.webp\" class=\"attachment-large size-large wp-image-1502\" alt=\"\" srcset=\"https:\/\/ntxfoodtrailers.com\/wp-content\/uploads\/2024\/09\/20-A-1024x469.webp 1024w, https:\/\/ntxfoodtrailers.com\/wp-content\/uploads\/2024\/09\/20-A-600x275.webp 600w, https:\/\/ntxfoodtrailers.com\/wp-content\/uploads\/2024\/09\/20-A-300x138.webp 300w, https:\/\/ntxfoodtrailers.com\/wp-content\/uploads\/2024\/09\/20-A-768x352.webp 768w, https:\/\/ntxfoodtrailers.com\/wp-content\/uploads\/2024\/09\/20-A-1536x704.webp 1536w, https:\/\/ntxfoodtrailers.com\/wp-content\/uploads\/2024\/09\/20-A-18x8.webp 18w, https:\/\/ntxfoodtrailers.com\/wp-content\/uploads\/2024\/09\/20-A.webp 1680w\" sizes=\"(max-width: 800px) 100vw, 800px\" \/>\t\t\t\t\t\t\t\t\t\t\t\t\t<\/div>\n\t\t\t\t<\/div>\n\t\t\t\t<div class=\"elementor-element elementor-element-ec48c29 elementor-widget elementor-widget-heading\" data-id=\"ec48c29\" data-element_type=\"widget\" data-widget_type=\"heading.default\">\n\t\t\t\t<div class=\"elementor-widget-container\">\n\t\t\t<h2 class=\"elementor-heading-title elementor-size-default\">El modelo base incluye<\/h2>\t\t<\/div>\n\t\t\t\t<\/div>\n\t\t\t\t<div class=\"elementor-element elementor-element-7b4b411 elementor-widget elementor-widget-text-editor\" data-id=\"7b4b411\" data-element_type=\"widget\" data-widget_type=\"text-editor.default\">\n\t\t\t\t<div class=\"elementor-widget-container\">\n\t\t\t\t\t\t\t<ul><li>Exhaust hood 8ft with extractor<\/li><li>Sistema de aire acondicionado de 1 tonelada<\/li><li>Una ventana para ventilaci\u00f3n y luz natural<\/li><li>Fregadero de tres compartimentos m\u00e1s uno independiente para la preparaci\u00f3n de alimentos<\/li><li>Iluminaci\u00f3n LED (interior y exterior)<\/li><li>Propane tank kit<\/li><li>Dep\u00f3sitos de agua limpia y residual<\/li><li>Suelos antideslizantes para mayor seguridad<\/li><li>Eje doble con sistema de frenado de emergencia<\/li><li>Sistema de extinci\u00f3n de incendios<\/li><li>3 Wall shelves 2ft, 3ft &amp; 4ft<\/li><li>2 Stainless Steel 18\u2033 x 72\u2033 Work Tables<\/li><li style=\"text-align: left;\"><span class=\"wixui-rich-text__text\">(2) Fryer 40lb<\/span><\/li><li style=\"text-align: left;\"><span class=\"wixui-rich-text__text\">Griddle 3ft<\/span><\/li><li style=\"text-align: left;\"><span class=\"wixui-rich-text__text\">(2) Stove 2 burners<\/span><\/li><li style=\"text-align: left;\"><span class=\"wixui-rich-text__text\">Grill 2ft<\/span><\/li><li><div dir=\"auto\">1 Door Stainless Steel Fridge 28&#8243;<\/div><\/li><li><div dir=\"auto\">12 Pan Sandwich Prep Table 2 Door 48&#8243;<\/div><\/li><\/ul>\t\t\t\t\t\t<\/div>\n\t\t\t\t<\/div>\n\t\t\t\t<div class=\"elementor-element elementor-element-a41f6e6 elementor-mobile-align-center elementor-widget-mobile__width-initial e-transform elementor-tablet-align-center elementor-widget__width-auto elementor-align-center elementor-widget elementor-widget-button\" data-id=\"a41f6e6\" data-element_type=\"widget\" data-settings=\"{&quot;_transform_translateX_effect_hover_mobile&quot;:{&quot;unit&quot;:&quot;px&quot;,&quot;size&quot;:4,&quot;sizes&quot;:[]},&quot;_transform_translateY_effect_hover_mobile&quot;:{&quot;unit&quot;:&quot;px&quot;,&quot;size&quot;:-4,&quot;sizes&quot;:[]},&quot;_transform_translateX_effect_hover&quot;:{&quot;unit&quot;:&quot;px&quot;,&quot;size&quot;:5,&quot;sizes&quot;:[]},&quot;_transform_translateY_effect_hover&quot;:{&quot;unit&quot;:&quot;px&quot;,&quot;size&quot;:-5,&quot;sizes&quot;:[]},&quot;_transform_translateX_effect_hover_tablet&quot;:{&quot;unit&quot;:&quot;px&quot;,&quot;size&quot;:&quot;&quot;,&quot;sizes&quot;:[]},&quot;_transform_translateY_effect_hover_tablet&quot;:{&quot;unit&quot;:&quot;px&quot;,&quot;size&quot;:&quot;&quot;,&quot;sizes&quot;:[]}}\" data-widget_type=\"button.default\">\n\t\t\t\t<div class=\"elementor-widget-container\">\n\t\t\t\t\t<div class=\"elementor-button-wrapper\">\n\t\t\t<a class=\"elementor-button elementor-button-link elementor-size-sm\" href=\"https:\/\/ntxfoodtrailers.com\/es\/model-20-a\/\">\n\t\t\t\t\t\t<span class=\"elementor-button-content-wrapper\">\n\t\t\t\t\t\t\t\t\t<span class=\"elementor-button-text\">Ver m\u00e1s<\/span>\n\t\t\t\t\t<\/span>\n\t\t\t\t\t<\/a>\n\t\t<\/div>\n\t\t\t\t<\/div>\n\t\t\t\t<\/div>\n\t\t\t\t<\/div>\n\t\t<div class=\"elementor-element elementor-element-5573651 e-con-full e-flex e-con e-child\" data-id=\"5573651\" data-element_type=\"container\">\n\t\t\t\t<div class=\"elementor-element elementor-element-a362a8a elementor-widget elementor-widget-heading\" data-id=\"a362a8a\" data-element_type=\"widget\" data-widget_type=\"heading.default\">\n\t\t\t\t<div class=\"elementor-widget-container\">\n\t\t\t<h2 class=\"elementor-heading-title elementor-size-default\">Modelo 20-B<\/h2>\t\t<\/div>\n\t\t\t\t<\/div>\n\t\t\t\t<div class=\"elementor-element elementor-element-73ea390 elementor-widget elementor-widget-image\" data-id=\"73ea390\" data-element_type=\"widget\" data-widget_type=\"image.default\">\n\t\t\t\t<div class=\"elementor-widget-container\">\n\t\t\t\t\t\t\t\t\t\t\t\t\t<img decoding=\"async\" width=\"800\" height=\"309\" src=\"https:\/\/ntxfoodtrailers.com\/wp-content\/uploads\/2024\/09\/20-B-1024x396.webp\" class=\"attachment-large size-large wp-image-1503\" alt=\"\" srcset=\"https:\/\/ntxfoodtrailers.com\/wp-content\/uploads\/2024\/09\/20-B-1024x396.webp 1024w, https:\/\/ntxfoodtrailers.com\/wp-content\/uploads\/2024\/09\/20-B-600x232.webp 600w, https:\/\/ntxfoodtrailers.com\/wp-content\/uploads\/2024\/09\/20-B-300x116.webp 300w, https:\/\/ntxfoodtrailers.com\/wp-content\/uploads\/2024\/09\/20-B-768x297.webp 768w, https:\/\/ntxfoodtrailers.com\/wp-content\/uploads\/2024\/09\/20-B-1536x594.webp 1536w, https:\/\/ntxfoodtrailers.com\/wp-content\/uploads\/2024\/09\/20-B-18x7.webp 18w, https:\/\/ntxfoodtrailers.com\/wp-content\/uploads\/2024\/09\/20-B.webp 1633w\" sizes=\"(max-width: 800px) 100vw, 800px\" \/>\t\t\t\t\t\t\t\t\t\t\t\t\t<\/div>\n\t\t\t\t<\/div>\n\t\t\t\t<div class=\"elementor-element elementor-element-214e17e elementor-widget elementor-widget-heading\" data-id=\"214e17e\" data-element_type=\"widget\" data-widget_type=\"heading.default\">\n\t\t\t\t<div class=\"elementor-widget-container\">\n\t\t\t<h2 class=\"elementor-heading-title elementor-size-default\">El modelo base incluye<\/h2>\t\t<\/div>\n\t\t\t\t<\/div>\n\t\t\t\t<div class=\"elementor-element elementor-element-7779484 elementor-widget elementor-widget-text-editor\" data-id=\"7779484\" data-element_type=\"widget\" data-widget_type=\"text-editor.default\">\n\t\t\t\t<div class=\"elementor-widget-container\">\n\t\t\t\t\t\t\t<ul><li>Exhaust hood 8ft with extractor<\/li><li>Sistema de aire acondicionado de 1 tonelada<\/li><li>Una ventana para ventilaci\u00f3n y luz natural<\/li><li>Fregadero de tres compartimentos m\u00e1s uno independiente para la preparaci\u00f3n de alimentos<\/li><li>Iluminaci\u00f3n LED (interior y exterior)<\/li><li>Propane tank kit<\/li><li>Dep\u00f3sitos de agua limpia y residual<\/li><li>Suelos antideslizantes para mayor seguridad<\/li><li>Eje doble con sistema de frenado de emergencia<\/li><li>Sistema de extinci\u00f3n de incendios<\/li><li>3 Wall shelves 2ft, 3ft &amp; 4ft<\/li><li>2 Stainless Steel 18\u2033 x 72\u2033 Work Tables<\/li><li><span class=\"wixui-rich-text__text\">Fryer 40lb<\/span><\/li><li><span class=\"wixui-rich-text__text\">Griddle 3ft<\/span><\/li><li><span class=\"wixui-rich-text__text\">Stove 2 burners<\/span><\/li><li><span class=\"wixui-rich-text__text\">Grill 2ft<\/span><\/li><li><div dir=\"auto\">1 Door Stainless Steel Fridge 28&#8243;<\/div><\/li><li><div dir=\"auto\">12 Pan Sandwich Prep Table 2 Door 48&#8243;<\/div><\/li><\/ul>\t\t\t\t\t\t<\/div>\n\t\t\t\t<\/div>\n\t\t\t\t<div class=\"elementor-element elementor-element-b97517d elementor-mobile-align-center elementor-widget-mobile__width-initial e-transform elementor-tablet-align-center elementor-widget__width-auto elementor-align-center elementor-widget elementor-widget-button\" data-id=\"b97517d\" data-element_type=\"widget\" data-settings=\"{&quot;_transform_translateX_effect_hover_mobile&quot;:{&quot;unit&quot;:&quot;px&quot;,&quot;size&quot;:4,&quot;sizes&quot;:[]},&quot;_transform_translateY_effect_hover_mobile&quot;:{&quot;unit&quot;:&quot;px&quot;,&quot;size&quot;:-4,&quot;sizes&quot;:[]},&quot;_transform_translateX_effect_hover&quot;:{&quot;unit&quot;:&quot;px&quot;,&quot;size&quot;:5,&quot;sizes&quot;:[]},&quot;_transform_translateY_effect_hover&quot;:{&quot;unit&quot;:&quot;px&quot;,&quot;size&quot;:-5,&quot;sizes&quot;:[]},&quot;_transform_translateX_effect_hover_tablet&quot;:{&quot;unit&quot;:&quot;px&quot;,&quot;size&quot;:&quot;&quot;,&quot;sizes&quot;:[]},&quot;_transform_translateY_effect_hover_tablet&quot;:{&quot;unit&quot;:&quot;px&quot;,&quot;size&quot;:&quot;&quot;,&quot;sizes&quot;:[]}}\" data-widget_type=\"button.default\">\n\t\t\t\t<div class=\"elementor-widget-container\">\n\t\t\t\t\t<div class=\"elementor-button-wrapper\">\n\t\t\t<a class=\"elementor-button elementor-button-link elementor-size-sm\" href=\"https:\/\/ntxfoodtrailers.com\/es\/model-20-b\/\">\n\t\t\t\t\t\t<span class=\"elementor-button-content-wrapper\">\n\t\t\t\t\t\t\t\t\t<span class=\"elementor-button-text\">Ver m\u00e1s<\/span>\n\t\t\t\t\t<\/span>\n\t\t\t\t\t<\/a>\n\t\t<\/div>\n\t\t\t\t<\/div>\n\t\t\t\t<\/div>\n\t\t\t\t<\/div>\n\t\t<div class=\"elementor-element elementor-element-0610599 e-con-full e-flex e-con e-child\" data-id=\"0610599\" data-element_type=\"container\">\n\t\t\t\t<div class=\"elementor-element elementor-element-406b67f elementor-widget elementor-widget-heading\" data-id=\"406b67f\" data-element_type=\"widget\" data-widget_type=\"heading.default\">\n\t\t\t\t<div class=\"elementor-widget-container\">\n\t\t\t<h2 class=\"elementor-heading-title elementor-size-default\">Modelo 20-C<\/h2>\t\t<\/div>\n\t\t\t\t<\/div>\n\t\t\t\t<div class=\"elementor-element elementor-element-793df67 elementor-widget elementor-widget-image\" data-id=\"793df67\" data-element_type=\"widget\" data-widget_type=\"image.default\">\n\t\t\t\t<div class=\"elementor-widget-container\">\n\t\t\t\t\t\t\t\t\t\t\t\t\t<img loading=\"lazy\" decoding=\"async\" width=\"800\" height=\"355\" src=\"https:\/\/ntxfoodtrailers.com\/wp-content\/uploads\/2024\/09\/20-C-1024x455.webp\" class=\"attachment-large size-large wp-image-1504\" alt=\"\" srcset=\"https:\/\/ntxfoodtrailers.com\/wp-content\/uploads\/2024\/09\/20-C-1024x455.webp 1024w, https:\/\/ntxfoodtrailers.com\/wp-content\/uploads\/2024\/09\/20-C-600x266.webp 600w, https:\/\/ntxfoodtrailers.com\/wp-content\/uploads\/2024\/09\/20-C-300x133.webp 300w, https:\/\/ntxfoodtrailers.com\/wp-content\/uploads\/2024\/09\/20-C-768x341.webp 768w, https:\/\/ntxfoodtrailers.com\/wp-content\/uploads\/2024\/09\/20-C-1536x682.webp 1536w, https:\/\/ntxfoodtrailers.com\/wp-content\/uploads\/2024\/09\/20-C-18x8.webp 18w, https:\/\/ntxfoodtrailers.com\/wp-content\/uploads\/2024\/09\/20-C.webp 1662w\" sizes=\"(max-width: 800px) 100vw, 800px\" \/>\t\t\t\t\t\t\t\t\t\t\t\t\t<\/div>\n\t\t\t\t<\/div>\n\t\t\t\t<div class=\"elementor-element elementor-element-e82163a elementor-widget elementor-widget-heading\" data-id=\"e82163a\" data-element_type=\"widget\" data-widget_type=\"heading.default\">\n\t\t\t\t<div class=\"elementor-widget-container\">\n\t\t\t<h2 class=\"elementor-heading-title elementor-size-default\">El modelo base incluye<\/h2>\t\t<\/div>\n\t\t\t\t<\/div>\n\t\t\t\t<div class=\"elementor-element elementor-element-ca89eeb elementor-widget elementor-widget-text-editor\" data-id=\"ca89eeb\" data-element_type=\"widget\" data-widget_type=\"text-editor.default\">\n\t\t\t\t<div class=\"elementor-widget-container\">\n\t\t\t\t\t\t\t<ul><li>Exhaust hood 8ft with extractor<\/li><li>Sistema de aire acondicionado de 1 tonelada<\/li><li>Una ventana para ventilaci\u00f3n y luz natural<\/li><li>Fregadero de tres compartimentos m\u00e1s uno independiente para la preparaci\u00f3n de alimentos<\/li><li>Iluminaci\u00f3n LED (interior y exterior)<\/li><li>Propane tank kit<\/li><li>Dep\u00f3sitos de agua limpia y residual<\/li><li>Suelos antideslizantes para mayor seguridad<\/li><li>Eje doble con sistema de frenado de emergencia<\/li><li>Sistema de extinci\u00f3n de incendios<\/li><li>3 Wall shelves 2ft, 3ft &amp; 4ft<\/li><li>2 Stainless Steel 18\u2033 x 72\u2033 Work Tables<\/li><li><span class=\"wixui-rich-text__text\">(3) Fryer 40lb<\/span><\/li><li><span class=\"wixui-rich-text__text\">Griddle 3ft<\/span><\/li><li><span class=\"wixui-rich-text__text\">Stove 2 burners<\/span><\/li><li><div dir=\"auto\">1 Door Stainless Steel Fridge 28&#8243;<\/div><\/li><li><div dir=\"auto\">12 Pan Sandwich Prep Table 2 Door 48&#8243;<\/div><\/li><\/ul>\t\t\t\t\t\t<\/div>\n\t\t\t\t<\/div>\n\t\t\t\t<div class=\"elementor-element elementor-element-315d202 elementor-mobile-align-center elementor-widget-mobile__width-initial e-transform elementor-tablet-align-center elementor-widget__width-auto elementor-align-center elementor-widget elementor-widget-button\" data-id=\"315d202\" data-element_type=\"widget\" data-settings=\"{&quot;_transform_translateX_effect_hover_mobile&quot;:{&quot;unit&quot;:&quot;px&quot;,&quot;size&quot;:4,&quot;sizes&quot;:[]},&quot;_transform_translateY_effect_hover_mobile&quot;:{&quot;unit&quot;:&quot;px&quot;,&quot;size&quot;:-4,&quot;sizes&quot;:[]},&quot;_transform_translateX_effect_hover&quot;:{&quot;unit&quot;:&quot;px&quot;,&quot;size&quot;:5,&quot;sizes&quot;:[]},&quot;_transform_translateY_effect_hover&quot;:{&quot;unit&quot;:&quot;px&quot;,&quot;size&quot;:-5,&quot;sizes&quot;:[]},&quot;_transform_translateX_effect_hover_tablet&quot;:{&quot;unit&quot;:&quot;px&quot;,&quot;size&quot;:&quot;&quot;,&quot;sizes&quot;:[]},&quot;_transform_translateY_effect_hover_tablet&quot;:{&quot;unit&quot;:&quot;px&quot;,&quot;size&quot;:&quot;&quot;,&quot;sizes&quot;:[]}}\" data-widget_type=\"button.default\">\n\t\t\t\t<div class=\"elementor-widget-container\">\n\t\t\t\t\t<div class=\"elementor-button-wrapper\">\n\t\t\t<a class=\"elementor-button elementor-button-link elementor-size-sm\" href=\"https:\/\/ntxfoodtrailers.com\/es\/model-20-c\/\">\n\t\t\t\t\t\t<span class=\"elementor-button-content-wrapper\">\n\t\t\t\t\t\t\t\t\t<span class=\"elementor-button-text\">Ver m\u00e1s<\/span>\n\t\t\t\t\t<\/span>\n\t\t\t\t\t<\/a>\n\t\t<\/div>\n\t\t\t\t<\/div>\n\t\t\t\t<\/div>\n\t\t\t\t<\/div>\n\t\t<div class=\"elementor-element elementor-element-5ec6454 e-con-full e-flex e-con e-child\" data-id=\"5ec6454\" data-element_type=\"container\">\n\t\t\t\t<\/div>\n\t\t<div class=\"elementor-element elementor-element-a2edebf e-con-full e-flex e-con e-child\" data-id=\"a2edebf\" data-element_type=\"container\">\n\t\t\t\t<div class=\"elementor-element elementor-element-86854cc elementor-widget elementor-widget-heading\" data-id=\"86854cc\" data-element_type=\"widget\" data-widget_type=\"heading.default\">\n\t\t\t\t<div class=\"elementor-widget-container\">\n\t\t\t<h2 class=\"elementor-heading-title elementor-size-default\">Modelo 20-D<\/h2>\t\t<\/div>\n\t\t\t\t<\/div>\n\t\t\t\t<div class=\"elementor-element elementor-element-cd2bf29 elementor-widget elementor-widget-image\" data-id=\"cd2bf29\" data-element_type=\"widget\" data-widget_type=\"image.default\">\n\t\t\t\t<div class=\"elementor-widget-container\">\n\t\t\t\t\t\t\t\t\t\t\t\t\t<img loading=\"lazy\" decoding=\"async\" width=\"800\" height=\"345\" src=\"https:\/\/ntxfoodtrailers.com\/wp-content\/uploads\/2024\/09\/20-D-1024x441.webp\" class=\"attachment-large size-large wp-image-1505\" alt=\"\" srcset=\"https:\/\/ntxfoodtrailers.com\/wp-content\/uploads\/2024\/09\/20-D-1024x441.webp 1024w, https:\/\/ntxfoodtrailers.com\/wp-content\/uploads\/2024\/09\/20-D-600x258.webp 600w, https:\/\/ntxfoodtrailers.com\/wp-content\/uploads\/2024\/09\/20-D-300x129.webp 300w, https:\/\/ntxfoodtrailers.com\/wp-content\/uploads\/2024\/09\/20-D-768x331.webp 768w, https:\/\/ntxfoodtrailers.com\/wp-content\/uploads\/2024\/09\/20-D-18x8.webp 18w, https:\/\/ntxfoodtrailers.com\/wp-content\/uploads\/2024\/09\/20-D.webp 1282w\" sizes=\"(max-width: 800px) 100vw, 800px\" \/>\t\t\t\t\t\t\t\t\t\t\t\t\t<\/div>\n\t\t\t\t<\/div>\n\t\t\t\t<div class=\"elementor-element elementor-element-20e6081 elementor-widget elementor-widget-heading\" data-id=\"20e6081\" data-element_type=\"widget\" data-widget_type=\"heading.default\">\n\t\t\t\t<div class=\"elementor-widget-container\">\n\t\t\t<h2 class=\"elementor-heading-title elementor-size-default\">El modelo base incluye<\/h2>\t\t<\/div>\n\t\t\t\t<\/div>\n\t\t\t\t<div class=\"elementor-element elementor-element-75617b3 elementor-widget elementor-widget-text-editor\" data-id=\"75617b3\" data-element_type=\"widget\" data-widget_type=\"text-editor.default\">\n\t\t\t\t<div class=\"elementor-widget-container\">\n\t\t\t\t\t\t\t<ul><li>Exhaust hood 8ft with extractor<\/li><li>Sistema de aire acondicionado de 1 tonelada<\/li><li>Una ventana para ventilaci\u00f3n y luz natural<\/li><li>Fregadero de tres compartimentos m\u00e1s uno independiente para la preparaci\u00f3n de alimentos<\/li><li>Iluminaci\u00f3n LED (interior y exterior)<\/li><li>Propane tank kit<\/li><li>Dep\u00f3sitos de agua limpia y residual<\/li><li>Suelos antideslizantes para mayor seguridad<\/li><li>Eje doble con sistema de frenado de emergencia<\/li><li>Sistema de extinci\u00f3n de incendios<\/li><li>3 Wall shelves 2ft, 3ft &amp; 4ft<\/li><li>2 Stainless Steel 18\u2033 x 72\u2033 Work Tables<\/li><li><span class=\"wixui-rich-text__text\">(2) Griddle 3ft<\/span><\/li><li><span class=\"wixui-rich-text__text\">Stove 2 Burners<\/span><\/li><li><div dir=\"auto\">1 Door Stainless Steel Fridge 28&#8243;<\/div><\/li><li><div dir=\"auto\">12 Pan Sandwich Prep Table 2 Door 48&#8243;<\/div><\/li><\/ul>\t\t\t\t\t\t<\/div>\n\t\t\t\t<\/div>\n\t\t\t\t<div class=\"elementor-element elementor-element-3a4432d elementor-mobile-align-center elementor-widget-mobile__width-initial e-transform elementor-tablet-align-center elementor-widget__width-auto elementor-align-center elementor-widget elementor-widget-button\" data-id=\"3a4432d\" data-element_type=\"widget\" data-settings=\"{&quot;_transform_translateX_effect_hover_mobile&quot;:{&quot;unit&quot;:&quot;px&quot;,&quot;size&quot;:4,&quot;sizes&quot;:[]},&quot;_transform_translateY_effect_hover_mobile&quot;:{&quot;unit&quot;:&quot;px&quot;,&quot;size&quot;:-4,&quot;sizes&quot;:[]},&quot;_transform_translateX_effect_hover&quot;:{&quot;unit&quot;:&quot;px&quot;,&quot;size&quot;:5,&quot;sizes&quot;:[]},&quot;_transform_translateY_effect_hover&quot;:{&quot;unit&quot;:&quot;px&quot;,&quot;size&quot;:-5,&quot;sizes&quot;:[]},&quot;_transform_translateX_effect_hover_tablet&quot;:{&quot;unit&quot;:&quot;px&quot;,&quot;size&quot;:&quot;&quot;,&quot;sizes&quot;:[]},&quot;_transform_translateY_effect_hover_tablet&quot;:{&quot;unit&quot;:&quot;px&quot;,&quot;size&quot;:&quot;&quot;,&quot;sizes&quot;:[]}}\" data-widget_type=\"button.default\">\n\t\t\t\t<div class=\"elementor-widget-container\">\n\t\t\t\t\t<div class=\"elementor-button-wrapper\">\n\t\t\t<a class=\"elementor-button elementor-button-link elementor-size-sm\" href=\"https:\/\/ntxfoodtrailers.com\/es\/model-20-d\/\">\n\t\t\t\t\t\t<span class=\"elementor-button-content-wrapper\">\n\t\t\t\t\t\t\t\t\t<span class=\"elementor-button-text\">Ver m\u00e1s<\/span>\n\t\t\t\t\t<\/span>\n\t\t\t\t\t<\/a>\n\t\t<\/div>\n\t\t\t\t<\/div>\n\t\t\t\t<\/div>\n\t\t\t\t<\/div>\n\t\t<div class=\"elementor-element elementor-element-39a2e8e e-con-full e-flex e-con e-child\" data-id=\"39a2e8e\" data-element_type=\"container\">\n\t\t\t\t<\/div>\n\t\t\t\t\t<\/div>\n\t\t\t\t<\/div>\n\t\t\t\t<\/div>","protected":false},"excerpt":{"rendered":"<p>20 ft food trailers Spacious and Practical Our 20 ft. food trailer is perfect for high-volume food operations. You can easily set up multiple cooking stations, making it ideal for handling larger crowds and more complex menus. Model 20-A Base Model Includes Exhaust hood 8ft with extractor 1-ton mini-split air conditioning system One window for [&hellip;]<\/p>","protected":false},"author":1,"featured_media":0,"parent":0,"menu_order":0,"comment_status":"closed","ping_status":"closed","template":"","meta":{"footnotes":""},"class_list":["post-1373","page","type-page","status-publish","hentry"],"_links":{"self":[{"href":"https:\/\/ntxfoodtrailers.com\/es\/wp-json\/wp\/v2\/pages\/1373"}],"collection":[{"href":"https:\/\/ntxfoodtrailers.com\/es\/wp-json\/wp\/v2\/pages"}],"about":[{"href":"https:\/\/ntxfoodtrailers.com\/es\/wp-json\/wp\/v2\/types\/page"}],"author":[{"embeddable":true,"href":"https:\/\/ntxfoodtrailers.com\/es\/wp-json\/wp\/v2\/users\/1"}],"replies":[{"embeddable":true,"href":"https:\/\/ntxfoodtrailers.com\/es\/wp-json\/wp\/v2\/comments?post=1373"}],"version-history":[{"count":85,"href":"https:\/\/ntxfoodtrailers.com\/es\/wp-json\/wp\/v2\/pages\/1373\/revisions"}],"predecessor-version":[{"id":4138,"href":"https:\/\/ntxfoodtrailers.com\/es\/wp-json\/wp\/v2\/pages\/1373\/revisions\/4138"}],"wp:attachment":[{"href":"https:\/\/ntxfoodtrailers.com\/es\/wp-json\/wp\/v2\/media?parent=1373"}],"curies":[{"name":"wp","href":"https:\/\/api.w.org\/{rel}","templated":true}]}}