{"id":1379,"date":"2024-09-13T21:37:43","date_gmt":"2024-09-13T21:37:43","guid":{"rendered":"https:\/\/ntxfoodtrailers.com\/?page_id=1379"},"modified":"2026-02-19T10:09:41","modified_gmt":"2026-02-19T16:09:41","slug":"22-ft-trailers","status":"publish","type":"page","link":"https:\/\/ntxfoodtrailers.com\/es\/22-ft-trailers\/","title":{"rendered":"Tr\u00e1ilers de 22 pies"},"content":{"rendered":"<div data-elementor-type=\"wp-page\" data-elementor-id=\"1379\" class=\"elementor elementor-1379\" data-elementor-post-type=\"page\">\n\t\t\t\t<div class=\"elementor-element elementor-element-d1d2f6c e-flex e-con-boxed e-con e-parent\" data-id=\"d1d2f6c\" data-element_type=\"container\">\n\t\t\t\t\t<div class=\"e-con-inner\">\n\t\t<div class=\"elementor-element elementor-element-85f1462 e-con-full e-flex e-con e-child\" data-id=\"85f1462\" data-element_type=\"container\">\n\t\t<div class=\"elementor-element elementor-element-3d83c2d e-con-full e-flex e-con e-child\" data-id=\"3d83c2d\" data-element_type=\"container\">\n\t\t\t\t<div class=\"elementor-element elementor-element-5a2fefc elementor-widget elementor-widget-image\" data-id=\"5a2fefc\" data-element_type=\"widget\" data-widget_type=\"image.default\">\n\t\t\t\t<div class=\"elementor-widget-container\">\n\t\t\t<style>\/*! elementor - v3.22.0 - 26-06-2024 *\/\n.elementor-widget-image{text-align:center}.elementor-widget-image a{display:inline-block}.elementor-widget-image a img[src$=\".svg\"]{width:48px}.elementor-widget-image img{vertical-align:middle;display:inline-block}<\/style>\t\t\t\t\t\t\t\t\t\t<img fetchpriority=\"high\" decoding=\"async\" width=\"500\" height=\"400\" src=\"https:\/\/ntxfoodtrailers.com\/wp-content\/uploads\/2024\/08\/22FT.png\" class=\"attachment-large size-large wp-image-1286\" alt=\"\" srcset=\"https:\/\/ntxfoodtrailers.com\/wp-content\/uploads\/2024\/08\/22FT.png 500w, https:\/\/ntxfoodtrailers.com\/wp-content\/uploads\/2024\/08\/22FT-300x240.png 300w, https:\/\/ntxfoodtrailers.com\/wp-content\/uploads\/2024\/08\/22FT-15x12.png 15w\" sizes=\"(max-width: 500px) 100vw, 500px\" \/>\t\t\t\t\t\t\t\t\t\t\t\t\t<\/div>\n\t\t\t\t<\/div>\n\t\t\t\t<\/div>\n\t\t<div class=\"elementor-element elementor-element-9886f9f e-con-full e-flex e-con e-child\" data-id=\"9886f9f\" data-element_type=\"container\">\n\t\t\t\t<div class=\"elementor-element elementor-element-e78f2a4 elementor-widget elementor-widget-heading\" data-id=\"e78f2a4\" data-element_type=\"widget\" data-widget_type=\"heading.default\">\n\t\t\t\t<div class=\"elementor-widget-container\">\n\t\t\t<style>\/*! elementor - v3.22.0 - 26-06-2024 *\/\n.elementor-heading-title{padding:0;margin:0;line-height:1}.elementor-widget-heading .elementor-heading-title[class*=elementor-size-]>a{color:inherit;font-size:inherit;line-height:inherit}.elementor-widget-heading .elementor-heading-title.elementor-size-small{font-size:15px}.elementor-widget-heading .elementor-heading-title.elementor-size-medium{font-size:19px}.elementor-widget-heading .elementor-heading-title.elementor-size-large{font-size:29px}.elementor-widget-heading .elementor-heading-title.elementor-size-xl{font-size:39px}.elementor-widget-heading .elementor-heading-title.elementor-size-xxl{font-size:59px}<\/style><h2 class=\"elementor-heading-title elementor-size-default\">Food tr\u00e1ilers de 22 pies<\/h2>\t\t<\/div>\n\t\t\t\t<\/div>\n\t\t\t\t<div class=\"elementor-element elementor-element-eb35712 elementor-widget elementor-widget-jkit_heading\" data-id=\"eb35712\" data-element_type=\"widget\" data-widget_type=\"jkit_heading.default\">\n\t\t\t\t<div class=\"elementor-widget-container\">\n\t\t\t<div  class=\"jeg-elementor-kit jkit-heading  align-center align-tablet-center align-mobile- jeg_module___69e1778e1068b\" ><div class=\"heading-section-title  display-inline-block\"><h2 class=\"heading-title\">Grandes <span class=\"style-color\"><span>y fabricado para<\/span><\/span> D\u00edas ajetreados<\/h2><\/div><\/div>\t\t<\/div>\n\t\t\t\t<\/div>\n\t\t\t\t<div class=\"elementor-element elementor-element-37bb727 elementor-widget elementor-widget-text-editor\" data-id=\"37bb727\" data-element_type=\"widget\" data-widget_type=\"text-editor.default\">\n\t\t\t\t<div class=\"elementor-widget-container\">\n\t\t\t<style>\/*! elementor - v3.22.0 - 26-06-2024 *\/\n.elementor-widget-text-editor.elementor-drop-cap-view-stacked .elementor-drop-cap{background-color:#69727d;color:#fff}.elementor-widget-text-editor.elementor-drop-cap-view-framed .elementor-drop-cap{color:#69727d;border:3px solid;background-color:transparent}.elementor-widget-text-editor:not(.elementor-drop-cap-view-default) .elementor-drop-cap{margin-top:8px}.elementor-widget-text-editor:not(.elementor-drop-cap-view-default) .elementor-drop-cap-letter{width:1em;height:1em}.elementor-widget-text-editor .elementor-drop-cap{float:left;text-align:center;line-height:1;font-size:50px}.elementor-widget-text-editor .elementor-drop-cap-letter{display:inline-block}<\/style>\t\t\t\t<p>NUESTROS <strong>food trailer de 22 pies<\/strong> est\u00e1 dise\u00f1ado para operaciones a gran escala, ofreciendo el m\u00e1ximo espacio y eficiencia para entornos de alta demanda. Este modelo tiene capacidad para varios puestos de trabajo y un amplio espacio de almacenamiento, por lo que es ideal para eventos concurridos y grandes multitudes.<\/p>\t\t\t\t\t\t<\/div>\n\t\t\t\t<\/div>\n\t\t\t\t<\/div>\n\t\t\t\t<\/div>\n\t\t\t\t\t<\/div>\n\t\t\t\t<\/div>\n\t\t<div class=\"elementor-element elementor-element-e6fe1c3 e-flex e-con-boxed e-con e-parent\" data-id=\"e6fe1c3\" data-element_type=\"container\">\n\t\t\t\t\t<div class=\"e-con-inner\">\n\t\t<div class=\"elementor-element elementor-element-2e68c60 e-con-full e-flex e-con e-child\" data-id=\"2e68c60\" data-element_type=\"container\">\n\t\t\t\t<div class=\"elementor-element elementor-element-96e3e6b elementor-widget elementor-widget-heading\" data-id=\"96e3e6b\" data-element_type=\"widget\" data-widget_type=\"heading.default\">\n\t\t\t\t<div class=\"elementor-widget-container\">\n\t\t\t<h2 class=\"elementor-heading-title elementor-size-default\">Modelo 22-A<\/h2>\t\t<\/div>\n\t\t\t\t<\/div>\n\t\t\t\t<div class=\"elementor-element elementor-element-cc5696e elementor-widget elementor-widget-image\" data-id=\"cc5696e\" data-element_type=\"widget\" data-widget_type=\"image.default\">\n\t\t\t\t<div class=\"elementor-widget-container\">\n\t\t\t\t\t\t\t\t\t\t\t\t\t<img decoding=\"async\" width=\"800\" height=\"416\" src=\"https:\/\/ntxfoodtrailers.com\/wp-content\/uploads\/2024\/09\/22-A-1024x533.webp\" class=\"attachment-large size-large wp-image-1522\" alt=\"\" srcset=\"https:\/\/ntxfoodtrailers.com\/wp-content\/uploads\/2024\/09\/22-A-1024x533.webp 1024w, https:\/\/ntxfoodtrailers.com\/wp-content\/uploads\/2024\/09\/22-A-600x312.webp 600w, https:\/\/ntxfoodtrailers.com\/wp-content\/uploads\/2024\/09\/22-A-300x156.webp 300w, https:\/\/ntxfoodtrailers.com\/wp-content\/uploads\/2024\/09\/22-A-768x400.webp 768w, https:\/\/ntxfoodtrailers.com\/wp-content\/uploads\/2024\/09\/22-A-18x9.webp 18w, https:\/\/ntxfoodtrailers.com\/wp-content\/uploads\/2024\/09\/22-A.webp 1436w\" sizes=\"(max-width: 800px) 100vw, 800px\" \/>\t\t\t\t\t\t\t\t\t\t\t\t\t<\/div>\n\t\t\t\t<\/div>\n\t\t\t\t<div class=\"elementor-element elementor-element-4e60722 elementor-widget elementor-widget-heading\" data-id=\"4e60722\" data-element_type=\"widget\" data-widget_type=\"heading.default\">\n\t\t\t\t<div class=\"elementor-widget-container\">\n\t\t\t<h2 class=\"elementor-heading-title elementor-size-default\">El modelo base incluye<\/h2>\t\t<\/div>\n\t\t\t\t<\/div>\n\t\t\t\t<div class=\"elementor-element elementor-element-cbbb9c9 elementor-widget elementor-widget-text-editor\" data-id=\"cbbb9c9\" data-element_type=\"widget\" data-widget_type=\"text-editor.default\">\n\t\t\t\t<div class=\"elementor-widget-container\">\n\t\t\t\t\t\t\t<ul><li>Exhaust hood 10ft with extractor<\/li><li>Sistema de aire acondicionado de 1 tonelada<\/li><li>Una ventana para ventilaci\u00f3n y luz natural<\/li><li>Fregadero de tres compartimentos m\u00e1s uno independiente para la preparaci\u00f3n de alimentos<\/li><li>Iluminaci\u00f3n LED (interior y exterior)<\/li><li>Propane tank kit<\/li><li>Dep\u00f3sitos de agua limpia y residual<\/li><li>Suelos antideslizantes para mayor seguridad<\/li><li>Eje doble con sistema de frenado de emergencia<\/li><li>Sistema de extinci\u00f3n de incendios<\/li><li>3 Wall shelves 2ft, 3ft &amp; 4ft<\/li><li>mesa de Acero inoxidable 18\u2033 x 72\"<\/li><li style=\"text-align: left;\"><span class=\"wixui-rich-text__text\">(2) Fryer 40lb<\/span><\/li><li style=\"text-align: left;\"><span class=\"wixui-rich-text__text\">Griddle 3ft<\/span><\/li><li style=\"text-align: left;\"><span class=\"wixui-rich-text__text\">(2) Stove 2 burners<\/span><\/li><li style=\"text-align: left;\"><span class=\"wixui-rich-text__text\">Grill 2 ft<\/span><\/li><li><div dir=\"auto\">1 Door Stainless Steel Fridge 28\u2033<\/div><\/li><li><div dir=\"auto\">12 Pan Sandwich Prep Table 2 Door 48\u2033<\/div><\/li><\/ul>\t\t\t\t\t\t<\/div>\n\t\t\t\t<\/div>\n\t\t\t\t<div class=\"elementor-element elementor-element-e871d0d elementor-mobile-align-center elementor-widget-mobile__width-initial e-transform elementor-tablet-align-center elementor-widget__width-auto elementor-align-center elementor-widget elementor-widget-button\" data-id=\"e871d0d\" data-element_type=\"widget\" data-settings=\"{&quot;_transform_translateX_effect_hover_mobile&quot;:{&quot;unit&quot;:&quot;px&quot;,&quot;size&quot;:4,&quot;sizes&quot;:[]},&quot;_transform_translateY_effect_hover_mobile&quot;:{&quot;unit&quot;:&quot;px&quot;,&quot;size&quot;:-4,&quot;sizes&quot;:[]},&quot;_transform_translateX_effect_hover&quot;:{&quot;unit&quot;:&quot;px&quot;,&quot;size&quot;:5,&quot;sizes&quot;:[]},&quot;_transform_translateY_effect_hover&quot;:{&quot;unit&quot;:&quot;px&quot;,&quot;size&quot;:-5,&quot;sizes&quot;:[]},&quot;_transform_translateX_effect_hover_tablet&quot;:{&quot;unit&quot;:&quot;px&quot;,&quot;size&quot;:&quot;&quot;,&quot;sizes&quot;:[]},&quot;_transform_translateY_effect_hover_tablet&quot;:{&quot;unit&quot;:&quot;px&quot;,&quot;size&quot;:&quot;&quot;,&quot;sizes&quot;:[]}}\" data-widget_type=\"button.default\">\n\t\t\t\t<div class=\"elementor-widget-container\">\n\t\t\t\t\t<div class=\"elementor-button-wrapper\">\n\t\t\t<a class=\"elementor-button elementor-button-link elementor-size-sm\" href=\"https:\/\/ntxfoodtrailers.com\/es\/model-22-a\/\">\n\t\t\t\t\t\t<span class=\"elementor-button-content-wrapper\">\n\t\t\t\t\t\t\t\t\t<span class=\"elementor-button-text\">Ver m\u00e1s<\/span>\n\t\t\t\t\t<\/span>\n\t\t\t\t\t<\/a>\n\t\t<\/div>\n\t\t\t\t<\/div>\n\t\t\t\t<\/div>\n\t\t\t\t<\/div>\n\t\t<div class=\"elementor-element elementor-element-f8c907b e-con-full e-flex e-con e-child\" data-id=\"f8c907b\" data-element_type=\"container\">\n\t\t\t\t<div class=\"elementor-element elementor-element-427d5aa elementor-widget elementor-widget-heading\" data-id=\"427d5aa\" data-element_type=\"widget\" data-widget_type=\"heading.default\">\n\t\t\t\t<div class=\"elementor-widget-container\">\n\t\t\t<h2 class=\"elementor-heading-title elementor-size-default\">Modelo 22-B<\/h2>\t\t<\/div>\n\t\t\t\t<\/div>\n\t\t\t\t<div class=\"elementor-element elementor-element-dbc262c elementor-widget elementor-widget-image\" data-id=\"dbc262c\" data-element_type=\"widget\" data-widget_type=\"image.default\">\n\t\t\t\t<div class=\"elementor-widget-container\">\n\t\t\t\t\t\t\t\t\t\t\t\t\t<img decoding=\"async\" width=\"800\" height=\"413\" src=\"https:\/\/ntxfoodtrailers.com\/wp-content\/uploads\/2024\/09\/22-B-1024x528.webp\" class=\"attachment-large size-large wp-image-1523\" alt=\"\" srcset=\"https:\/\/ntxfoodtrailers.com\/wp-content\/uploads\/2024\/09\/22-B-1024x528.webp 1024w, https:\/\/ntxfoodtrailers.com\/wp-content\/uploads\/2024\/09\/22-B-600x310.webp 600w, https:\/\/ntxfoodtrailers.com\/wp-content\/uploads\/2024\/09\/22-B-300x155.webp 300w, https:\/\/ntxfoodtrailers.com\/wp-content\/uploads\/2024\/09\/22-B-768x396.webp 768w, https:\/\/ntxfoodtrailers.com\/wp-content\/uploads\/2024\/09\/22-B-18x9.webp 18w, https:\/\/ntxfoodtrailers.com\/wp-content\/uploads\/2024\/09\/22-B.webp 1281w\" sizes=\"(max-width: 800px) 100vw, 800px\" \/>\t\t\t\t\t\t\t\t\t\t\t\t\t<\/div>\n\t\t\t\t<\/div>\n\t\t\t\t<div class=\"elementor-element elementor-element-af987c6 elementor-widget elementor-widget-heading\" data-id=\"af987c6\" data-element_type=\"widget\" data-widget_type=\"heading.default\">\n\t\t\t\t<div class=\"elementor-widget-container\">\n\t\t\t<h2 class=\"elementor-heading-title elementor-size-default\">El modelo base incluye<\/h2>\t\t<\/div>\n\t\t\t\t<\/div>\n\t\t\t\t<div class=\"elementor-element elementor-element-d0a8eb4 elementor-widget elementor-widget-text-editor\" data-id=\"d0a8eb4\" data-element_type=\"widget\" data-widget_type=\"text-editor.default\">\n\t\t\t\t<div class=\"elementor-widget-container\">\n\t\t\t\t\t\t\t<ul><li>Exhaust hood 10ft with extractor<\/li><li>Sistema de aire acondicionado de 1 tonelada<\/li><li>Una ventana para ventilaci\u00f3n y luz natural<\/li><li>Fregadero de tres compartimentos m\u00e1s uno independiente para la preparaci\u00f3n de alimentos<\/li><li>Iluminaci\u00f3n LED (interior y exterior)<\/li><li>Propane tank kit<\/li><li>Dep\u00f3sitos de agua limpia y residual<\/li><li>Suelos antideslizantes para mayor seguridad<\/li><li>Eje doble con sistema de frenado de emergencia<\/li><li>Sistema de extinci\u00f3n de incendios<\/li><li>3 Wall shelves 2ft, 3ft &amp; 4ft<\/li><li>mesa de Acero inoxidable 18\u2033 x 72\"<\/li><li><span class=\"wixui-rich-text__text\">Fryer 40lb<\/span><\/li><li><span class=\"wixui-rich-text__text\">Griddle 3ft<\/span><\/li><li><span class=\"wixui-rich-text__text\">Stove 2 burners<\/span><\/li><li><span class=\"wixui-rich-text__text\">Grill 2ft<\/span><\/li><li><div dir=\"auto\">1 Door Stainless Steel Fridge 28\u2033<\/div><\/li><li><div dir=\"auto\">12 Pan Sandwich Prep Table 2 Door 48\u2033<\/div><\/li><\/ul>\t\t\t\t\t\t<\/div>\n\t\t\t\t<\/div>\n\t\t\t\t<div class=\"elementor-element elementor-element-3412109 elementor-mobile-align-center elementor-widget-mobile__width-initial e-transform elementor-tablet-align-center elementor-widget__width-auto elementor-align-center elementor-widget elementor-widget-button\" data-id=\"3412109\" data-element_type=\"widget\" data-settings=\"{&quot;_transform_translateX_effect_hover_mobile&quot;:{&quot;unit&quot;:&quot;px&quot;,&quot;size&quot;:4,&quot;sizes&quot;:[]},&quot;_transform_translateY_effect_hover_mobile&quot;:{&quot;unit&quot;:&quot;px&quot;,&quot;size&quot;:-4,&quot;sizes&quot;:[]},&quot;_transform_translateX_effect_hover&quot;:{&quot;unit&quot;:&quot;px&quot;,&quot;size&quot;:5,&quot;sizes&quot;:[]},&quot;_transform_translateY_effect_hover&quot;:{&quot;unit&quot;:&quot;px&quot;,&quot;size&quot;:-5,&quot;sizes&quot;:[]},&quot;_transform_translateX_effect_hover_tablet&quot;:{&quot;unit&quot;:&quot;px&quot;,&quot;size&quot;:&quot;&quot;,&quot;sizes&quot;:[]},&quot;_transform_translateY_effect_hover_tablet&quot;:{&quot;unit&quot;:&quot;px&quot;,&quot;size&quot;:&quot;&quot;,&quot;sizes&quot;:[]}}\" data-widget_type=\"button.default\">\n\t\t\t\t<div class=\"elementor-widget-container\">\n\t\t\t\t\t<div class=\"elementor-button-wrapper\">\n\t\t\t<a class=\"elementor-button elementor-button-link elementor-size-sm\" href=\"https:\/\/ntxfoodtrailers.com\/es\/model-22-b\/\">\n\t\t\t\t\t\t<span class=\"elementor-button-content-wrapper\">\n\t\t\t\t\t\t\t\t\t<span class=\"elementor-button-text\">Ver m\u00e1s<\/span>\n\t\t\t\t\t<\/span>\n\t\t\t\t\t<\/a>\n\t\t<\/div>\n\t\t\t\t<\/div>\n\t\t\t\t<\/div>\n\t\t\t\t<\/div>\n\t\t<div class=\"elementor-element elementor-element-292adf9 e-con-full e-flex e-con e-child\" data-id=\"292adf9\" data-element_type=\"container\">\n\t\t\t\t<div class=\"elementor-element elementor-element-457192b elementor-widget elementor-widget-heading\" data-id=\"457192b\" data-element_type=\"widget\" data-widget_type=\"heading.default\">\n\t\t\t\t<div class=\"elementor-widget-container\">\n\t\t\t<h2 class=\"elementor-heading-title elementor-size-default\">Modelo 22-C<\/h2>\t\t<\/div>\n\t\t\t\t<\/div>\n\t\t\t\t<div class=\"elementor-element elementor-element-b90989a elementor-widget elementor-widget-image\" data-id=\"b90989a\" data-element_type=\"widget\" data-widget_type=\"image.default\">\n\t\t\t\t<div class=\"elementor-widget-container\">\n\t\t\t\t\t\t\t\t\t\t\t\t\t<img loading=\"lazy\" decoding=\"async\" width=\"800\" height=\"423\" src=\"https:\/\/ntxfoodtrailers.com\/wp-content\/uploads\/2024\/09\/22-C-1024x541.webp\" class=\"attachment-large size-large wp-image-1524\" alt=\"\" srcset=\"https:\/\/ntxfoodtrailers.com\/wp-content\/uploads\/2024\/09\/22-C-1024x541.webp 1024w, https:\/\/ntxfoodtrailers.com\/wp-content\/uploads\/2024\/09\/22-C-600x317.webp 600w, https:\/\/ntxfoodtrailers.com\/wp-content\/uploads\/2024\/09\/22-C-300x159.webp 300w, https:\/\/ntxfoodtrailers.com\/wp-content\/uploads\/2024\/09\/22-C-768x406.webp 768w, https:\/\/ntxfoodtrailers.com\/wp-content\/uploads\/2024\/09\/22-C-18x10.webp 18w, https:\/\/ntxfoodtrailers.com\/wp-content\/uploads\/2024\/09\/22-C.webp 1500w\" sizes=\"(max-width: 800px) 100vw, 800px\" \/>\t\t\t\t\t\t\t\t\t\t\t\t\t<\/div>\n\t\t\t\t<\/div>\n\t\t\t\t<div class=\"elementor-element elementor-element-2110f7b elementor-widget elementor-widget-heading\" data-id=\"2110f7b\" data-element_type=\"widget\" data-widget_type=\"heading.default\">\n\t\t\t\t<div class=\"elementor-widget-container\">\n\t\t\t<h2 class=\"elementor-heading-title elementor-size-default\">El modelo base incluye<\/h2>\t\t<\/div>\n\t\t\t\t<\/div>\n\t\t\t\t<div class=\"elementor-element elementor-element-7b6e49c elementor-widget elementor-widget-text-editor\" data-id=\"7b6e49c\" data-element_type=\"widget\" data-widget_type=\"text-editor.default\">\n\t\t\t\t<div class=\"elementor-widget-container\">\n\t\t\t\t\t\t\t<ul><li>Exhaust hood 10ft with extractor<\/li><li>Sistema de aire acondicionado de 1 tonelada<\/li><li>Una ventana para ventilaci\u00f3n y luz natural<\/li><li>Fregadero de tres compartimentos m\u00e1s uno independiente para la preparaci\u00f3n de alimentos<\/li><li>Iluminaci\u00f3n LED (interior y exterior)<\/li><li>Propane tank kit<\/li><li>Dep\u00f3sitos de agua limpia y residual<\/li><li>Suelos antideslizantes para mayor seguridad<\/li><li>Eje doble con sistema de frenado de emergencia<\/li><li>Sistema de extinci\u00f3n de incendios<\/li><li>3 Wall shelves 2ft, 3ft &amp; 4ft<\/li><li>mesa de Acero inoxidable 18\u2033 x 72\"<\/li><li><span class=\"wixui-rich-text__text\">(2) Griddle 3ft<\/span><\/li><li><span class=\"wixui-rich-text__text\">\u00a0Stove 2 burners<\/span><\/li><li><div dir=\"auto\">1 Door Stainless Steel Fridge 28\u2033<\/div><\/li><li><div dir=\"auto\">12 Pan Sandwich Prep Table 2 Door 48\u2033<\/div><\/li><\/ul>\t\t\t\t\t\t<\/div>\n\t\t\t\t<\/div>\n\t\t\t\t<div class=\"elementor-element elementor-element-6d13a46 elementor-mobile-align-center elementor-widget-mobile__width-initial e-transform elementor-tablet-align-center elementor-widget__width-auto elementor-align-center elementor-widget elementor-widget-button\" data-id=\"6d13a46\" data-element_type=\"widget\" data-settings=\"{&quot;_transform_translateX_effect_hover_mobile&quot;:{&quot;unit&quot;:&quot;px&quot;,&quot;size&quot;:4,&quot;sizes&quot;:[]},&quot;_transform_translateY_effect_hover_mobile&quot;:{&quot;unit&quot;:&quot;px&quot;,&quot;size&quot;:-4,&quot;sizes&quot;:[]},&quot;_transform_translateX_effect_hover&quot;:{&quot;unit&quot;:&quot;px&quot;,&quot;size&quot;:5,&quot;sizes&quot;:[]},&quot;_transform_translateY_effect_hover&quot;:{&quot;unit&quot;:&quot;px&quot;,&quot;size&quot;:-5,&quot;sizes&quot;:[]},&quot;_transform_translateX_effect_hover_tablet&quot;:{&quot;unit&quot;:&quot;px&quot;,&quot;size&quot;:&quot;&quot;,&quot;sizes&quot;:[]},&quot;_transform_translateY_effect_hover_tablet&quot;:{&quot;unit&quot;:&quot;px&quot;,&quot;size&quot;:&quot;&quot;,&quot;sizes&quot;:[]}}\" data-widget_type=\"button.default\">\n\t\t\t\t<div class=\"elementor-widget-container\">\n\t\t\t\t\t<div class=\"elementor-button-wrapper\">\n\t\t\t<a class=\"elementor-button elementor-button-link elementor-size-sm\" href=\"https:\/\/ntxfoodtrailers.com\/es\/model-22-c\/\">\n\t\t\t\t\t\t<span class=\"elementor-button-content-wrapper\">\n\t\t\t\t\t\t\t\t\t<span class=\"elementor-button-text\">Ver m\u00e1s<\/span>\n\t\t\t\t\t<\/span>\n\t\t\t\t\t<\/a>\n\t\t<\/div>\n\t\t\t\t<\/div>\n\t\t\t\t<\/div>\n\t\t\t\t<\/div>\n\t\t<div class=\"elementor-element elementor-element-d6af7d8 e-con-full e-flex e-con e-child\" data-id=\"d6af7d8\" data-element_type=\"container\">\n\t\t\t\t<\/div>\n\t\t<div class=\"elementor-element elementor-element-fefe51c e-con-full e-flex e-con e-child\" data-id=\"fefe51c\" data-element_type=\"container\">\n\t\t\t\t<div class=\"elementor-element elementor-element-28301fd elementor-widget elementor-widget-heading\" data-id=\"28301fd\" data-element_type=\"widget\" data-widget_type=\"heading.default\">\n\t\t\t\t<div class=\"elementor-widget-container\">\n\t\t\t<h2 class=\"elementor-heading-title elementor-size-default\">Modelo 22-D<\/h2>\t\t<\/div>\n\t\t\t\t<\/div>\n\t\t\t\t<div class=\"elementor-element elementor-element-bd14e36 elementor-widget elementor-widget-image\" data-id=\"bd14e36\" data-element_type=\"widget\" data-widget_type=\"image.default\">\n\t\t\t\t<div class=\"elementor-widget-container\">\n\t\t\t\t\t\t\t\t\t\t\t\t\t<img loading=\"lazy\" decoding=\"async\" width=\"800\" height=\"413\" src=\"https:\/\/ntxfoodtrailers.com\/wp-content\/uploads\/2024\/09\/22-D-1024x529.webp\" class=\"attachment-large size-large wp-image-1525\" alt=\"\" srcset=\"https:\/\/ntxfoodtrailers.com\/wp-content\/uploads\/2024\/09\/22-D-1024x529.webp 1024w, https:\/\/ntxfoodtrailers.com\/wp-content\/uploads\/2024\/09\/22-D-600x310.webp 600w, https:\/\/ntxfoodtrailers.com\/wp-content\/uploads\/2024\/09\/22-D-300x155.webp 300w, https:\/\/ntxfoodtrailers.com\/wp-content\/uploads\/2024\/09\/22-D-768x397.webp 768w, https:\/\/ntxfoodtrailers.com\/wp-content\/uploads\/2024\/09\/22-D-18x9.webp 18w, https:\/\/ntxfoodtrailers.com\/wp-content\/uploads\/2024\/09\/22-D.webp 1535w\" sizes=\"(max-width: 800px) 100vw, 800px\" \/>\t\t\t\t\t\t\t\t\t\t\t\t\t<\/div>\n\t\t\t\t<\/div>\n\t\t\t\t<div class=\"elementor-element elementor-element-bb0ace5 elementor-widget elementor-widget-heading\" data-id=\"bb0ace5\" data-element_type=\"widget\" data-widget_type=\"heading.default\">\n\t\t\t\t<div class=\"elementor-widget-container\">\n\t\t\t<h2 class=\"elementor-heading-title elementor-size-default\">El modelo base incluye<\/h2>\t\t<\/div>\n\t\t\t\t<\/div>\n\t\t\t\t<div class=\"elementor-element elementor-element-e97d4fd elementor-widget elementor-widget-text-editor\" data-id=\"e97d4fd\" data-element_type=\"widget\" data-widget_type=\"text-editor.default\">\n\t\t\t\t<div class=\"elementor-widget-container\">\n\t\t\t\t\t\t\t<ul><li>Exhaust hood 10ft with extractor<\/li><li>Sistema de aire acondicionado de 1 tonelada<\/li><li>Una ventana para ventilaci\u00f3n y luz natural<\/li><li>Fregadero de tres compartimentos m\u00e1s uno independiente para la preparaci\u00f3n de alimentos<\/li><li>Iluminaci\u00f3n LED (interior y exterior)<\/li><li>Propane tank kit<\/li><li>Dep\u00f3sitos de agua limpia y residual<\/li><li>Suelos antideslizantes para mayor seguridad<\/li><li>Eje doble con sistema de frenado de emergencia<\/li><li>Sistema de extinci\u00f3n de incendios<\/li><li>3 Wall shelves 2ft, 3ft &amp; 4ft<\/li><li>Stainless Steel 18\u2033 x 72\u2033 Work Tables<\/li><li><span class=\"wixui-rich-text__text\">(2) Griddle 3ft<\/span><\/li><li><span class=\"wixui-rich-text__text\">Stove 2 burners<\/span><\/li><li><span class=\"wixui-rich-text__text\">Grill 2ft<\/span><\/li><li><div dir=\"auto\">1 Door Stainless Steel Fridge 28\u2033<\/div><\/li><li><div dir=\"auto\">12 Pan Sandwich Prep Table 2 Door 48\u2033<\/div><\/li><\/ul>\t\t\t\t\t\t<\/div>\n\t\t\t\t<\/div>\n\t\t\t\t<div class=\"elementor-element elementor-element-fbf19d5 elementor-mobile-align-center elementor-widget-mobile__width-initial e-transform elementor-tablet-align-center elementor-widget__width-auto elementor-align-center elementor-widget elementor-widget-button\" data-id=\"fbf19d5\" data-element_type=\"widget\" data-settings=\"{&quot;_transform_translateX_effect_hover_mobile&quot;:{&quot;unit&quot;:&quot;px&quot;,&quot;size&quot;:4,&quot;sizes&quot;:[]},&quot;_transform_translateY_effect_hover_mobile&quot;:{&quot;unit&quot;:&quot;px&quot;,&quot;size&quot;:-4,&quot;sizes&quot;:[]},&quot;_transform_translateX_effect_hover&quot;:{&quot;unit&quot;:&quot;px&quot;,&quot;size&quot;:5,&quot;sizes&quot;:[]},&quot;_transform_translateY_effect_hover&quot;:{&quot;unit&quot;:&quot;px&quot;,&quot;size&quot;:-5,&quot;sizes&quot;:[]},&quot;_transform_translateX_effect_hover_tablet&quot;:{&quot;unit&quot;:&quot;px&quot;,&quot;size&quot;:&quot;&quot;,&quot;sizes&quot;:[]},&quot;_transform_translateY_effect_hover_tablet&quot;:{&quot;unit&quot;:&quot;px&quot;,&quot;size&quot;:&quot;&quot;,&quot;sizes&quot;:[]}}\" data-widget_type=\"button.default\">\n\t\t\t\t<div class=\"elementor-widget-container\">\n\t\t\t\t\t<div class=\"elementor-button-wrapper\">\n\t\t\t<a class=\"elementor-button elementor-button-link elementor-size-sm\" href=\"https:\/\/ntxfoodtrailers.com\/es\/model-22-d\/\">\n\t\t\t\t\t\t<span class=\"elementor-button-content-wrapper\">\n\t\t\t\t\t\t\t\t\t<span class=\"elementor-button-text\">Ver m\u00e1s<\/span>\n\t\t\t\t\t<\/span>\n\t\t\t\t\t<\/a>\n\t\t<\/div>\n\t\t\t\t<\/div>\n\t\t\t\t<\/div>\n\t\t\t\t<\/div>\n\t\t<div class=\"elementor-element elementor-element-9ad2c11 e-con-full e-flex e-con e-child\" data-id=\"9ad2c11\" data-element_type=\"container\">\n\t\t\t\t<\/div>\n\t\t\t\t\t<\/div>\n\t\t\t\t<\/div>\n\t\t\t\t<\/div>","protected":false},"excerpt":{"rendered":"<p>22 ft food trailers Large and built for Busy Days Our 22 ft. food trailer is built for large-scale operations, offering maximum space and efficiency for high-demand environments. This model accommodates multiple workstations and ample storage, making it ideal for busy events and large crowds. Model 22-A Base Model Includes Exhaust hood 10ft with extractor [&hellip;]<\/p>","protected":false},"author":1,"featured_media":0,"parent":0,"menu_order":0,"comment_status":"closed","ping_status":"closed","template":"","meta":{"footnotes":""},"class_list":["post-1379","page","type-page","status-publish","hentry"],"_links":{"self":[{"href":"https:\/\/ntxfoodtrailers.com\/es\/wp-json\/wp\/v2\/pages\/1379"}],"collection":[{"href":"https:\/\/ntxfoodtrailers.com\/es\/wp-json\/wp\/v2\/pages"}],"about":[{"href":"https:\/\/ntxfoodtrailers.com\/es\/wp-json\/wp\/v2\/types\/page"}],"author":[{"embeddable":true,"href":"https:\/\/ntxfoodtrailers.com\/es\/wp-json\/wp\/v2\/users\/1"}],"replies":[{"embeddable":true,"href":"https:\/\/ntxfoodtrailers.com\/es\/wp-json\/wp\/v2\/comments?post=1379"}],"version-history":[{"count":77,"href":"https:\/\/ntxfoodtrailers.com\/es\/wp-json\/wp\/v2\/pages\/1379\/revisions"}],"predecessor-version":[{"id":4161,"href":"https:\/\/ntxfoodtrailers.com\/es\/wp-json\/wp\/v2\/pages\/1379\/revisions\/4161"}],"wp:attachment":[{"href":"https:\/\/ntxfoodtrailers.com\/es\/wp-json\/wp\/v2\/media?parent=1379"}],"curies":[{"name":"wp","href":"https:\/\/api.w.org\/{rel}","templated":true}]}}